{"id":2,"date":"2012-09-19T15:11:02","date_gmt":"2012-09-19T15:11:02","guid":{"rendered":"http:\/\/apri.fmc-sc.org\/?page_id=2"},"modified":"2015-03-27T16:17:45","modified_gmt":"2015-03-27T15:17:45","slug":"page-d-exemple","status":"publish","type":"page","link":"https:\/\/apri.fmc-sc.org\/?page_id=2","title":{"rendered":"Qui sommes nous ?"},"content":{"rendered":"<p align=\"JUSTIFY\">L\u2019APRI, <strong>Association<\/strong>\u00a0 constitu\u00e9e officiellement le 3 mars 2012, soutient et accompagne\u00a0 les projets pr\u00e9sent\u00e9s par les communaut\u00e9s des Soeurs et des Fr\u00e8res Missionnaires\u00a0 des Campagnes en Afrique, et au Br\u00e9sil en collaboration \u00e9troite avec les populations locales.<\/p>\n<p align=\"JUSTIFY\"><strong><span style=\"color: #333399;\">Qui est membre <\/span><span style=\"color: #333399;\">?<\/span><\/strong><\/p>\n<p>&#8211; des repr\u00e9sentants des 2 congr\u00e9gations\u3000(les S\u0153urs et Fr\u00e8res Missionnaires des Campagnes). <span style=\"font-size: small;\">Pour en savoir plus sur eux\u3000: <\/span><a href=\"http:\/\/france.fmc-sc.org\/\"><span style=\"text-decoration: underline;\"><span style=\"color: #0000ff; font-size: small;\"><span style=\"color: #0000ff; font-size: small;\">http:\/\/france.fmc-sc.org<\/span><\/span><\/span><\/a><span style=\"font-size: small;\">\u00a0 <\/span><\/p>\n<p>&#8211; et des la\u00efcs en lien avec les 2 congr\u00e9gations.<\/p>\n<p>L\u2019association n\u2019existe pas seulement en France. Un groupe s\u2019est constitu\u00e9 en Afrique \u00e0 partir des communaut\u00e9s de fr\u00e8res et de s\u0153urs, dans la foul\u00e9e de l\u2019initiative fran\u00e7aise. Un groupe est \u00e9galement en gestation au Br\u00e9sil.<\/p>\n<p><strong><span style=\"color: #333399;\">Quels sont les objectifs?<\/span><\/strong><\/p>\n<p align=\"JUSTIFY\">&#8211; contribuer au d\u00e9veloppement durable et global des campagnes, en partant de la demande des populations, dans le respect de leurs savoirs, leurs cultures et leurs religions<\/p>\n<p align=\"JUSTIFY\">&#8211; partager les questions et les pr\u00e9occupations en mati\u00e8re de d\u00e9veloppement rural et de solidarit\u00e9 internationale<\/p>\n<p align=\"JUSTIFY\">&#8211; Encourager, accompagner les projets mis en \u0153uvre par les communaut\u00e9s des S\u0153urs et Fr\u00e8res Missionnaires des Campagnes en Afrique, au Br\u00e9sil, avec les populations locales.<\/p>\n<p align=\"JUSTIFY\"><strong><em>Pour plus de d\u00e9tails, voir les statuts, article 2.<\/em><\/strong><\/p>\n<p>&nbsp;<\/p>\n","protected":false},"excerpt":{"rendered":"<p>L\u2019APRI, Association\u00a0 constitu\u00e9e officiellement le 3 mars 2012, soutient et accompagne\u00a0 les projets pr\u00e9sent\u00e9s par les communaut\u00e9s des Soeurs et des Fr\u00e8res Missionnaires\u00a0 des Campagnes en Afrique, et au Br\u00e9sil en collaboration \u00e9troite avec les populations locales. Qui est membre ? &#8211; des repr\u00e9sentants des 2 congr\u00e9gations\u3000(les S\u0153urs et Fr\u00e8res [&hellip;]<\/p>\n","protected":false},"author":3,"featured_media":451,"parent":0,"menu_order":0,"comment_status":"open","ping_status":"open","template":"","meta":{"jetpack_post_was_ever_published":false},"yoast_head":"<!-- This site is optimized with the Yoast SEO plugin v21.8.1 - https:\/\/yoast.com\/wordpress\/plugins\/seo\/ -->\n<title>Qui sommes nous ? - Association pour la Promotion Rurale Internationale<\/title>\n<meta name=\"description\" content=\"L\u2019APRI soutient et accompagne des projets en collaboration \u00e9troite avec les populations locales...\" \/>\n<meta name=\"robots\" content=\"index, follow, max-snippet:-1, max-image-preview:large, max-video-preview:-1\" \/>\n<link rel=\"canonical\" href=\"https:\/\/apri.fmc-sc.org\/?page_id=2\" \/>\n<meta property=\"og:locale\" content=\"fr_FR\" \/>\n<meta property=\"og:type\" content=\"article\" \/>\n<meta property=\"og:title\" content=\"Qui sommes nous ? - Association pour la Promotion Rurale Internationale\" \/>\n<meta property=\"og:description\" content=\"L\u2019APRI soutient et accompagne des projets en collaboration \u00e9troite avec les populations locales...\" \/>\n<meta property=\"og:url\" content=\"https:\/\/apri.fmc-sc.org\/?page_id=2\" \/>\n<meta property=\"og:site_name\" content=\"Association pour la Promotion Rurale Internationale\" \/>\n<meta property=\"article:modified_time\" content=\"2015-03-27T15:17:45+00:00\" \/>\n<meta property=\"og:image\" content=\"https:\/\/apri.fmc-sc.org\/wp-content\/uploads\/2012\/09\/Rozay.jpg\" \/>\n\t<meta property=\"og:image:width\" content=\"1200\" \/>\n\t<meta property=\"og:image:height\" content=\"400\" \/>\n\t<meta property=\"og:image:type\" content=\"image\/jpeg\" \/>\n<meta name=\"twitter:label1\" content=\"Dur\u00e9e de lecture estim\u00e9e\" \/>\n\t<meta name=\"twitter:data1\" content=\"1 minute\" \/>\n<script type=\"application\/ld+json\" class=\"yoast-schema-graph\">{\"@context\":\"https:\/\/schema.org\",\"@graph\":[{\"@type\":\"WebPage\",\"@id\":\"https:\/\/apri.fmc-sc.org\/?page_id=2\",\"url\":\"https:\/\/apri.fmc-sc.org\/?page_id=2\",\"name\":\"Qui sommes nous ? - Association pour la Promotion Rurale Internationale\",\"isPartOf\":{\"@id\":\"https:\/\/apri.fmc-sc.org\/#website\"},\"datePublished\":\"2012-09-19T15:11:02+00:00\",\"dateModified\":\"2015-03-27T15:17:45+00:00\",\"description\":\"L\u2019APRI soutient et accompagne des projets en collaboration \u00e9troite avec les populations locales...\",\"inLanguage\":\"fr-FR\",\"potentialAction\":[{\"@type\":\"ReadAction\",\"target\":[\"https:\/\/apri.fmc-sc.org\/?page_id=2\"]}]},{\"@type\":\"WebSite\",\"@id\":\"https:\/\/apri.fmc-sc.org\/#website\",\"url\":\"https:\/\/apri.fmc-sc.org\/\",\"name\":\"Association pour la Promotion Rurale Internationale\",\"description\":\"\",\"potentialAction\":[{\"@type\":\"SearchAction\",\"target\":{\"@type\":\"EntryPoint\",\"urlTemplate\":\"https:\/\/apri.fmc-sc.org\/?s={search_term_string}\"},\"query-input\":\"required name=search_term_string\"}],\"inLanguage\":\"fr-FR\"}]}<\/script>\n<!-- \/ Yoast SEO plugin. -->","yoast_head_json":{"title":"Qui sommes nous ? - Association pour la Promotion Rurale Internationale","description":"L\u2019APRI soutient et accompagne des projets en collaboration \u00e9troite avec les populations locales...","robots":{"index":"index","follow":"follow","max-snippet":"max-snippet:-1","max-image-preview":"max-image-preview:large","max-video-preview":"max-video-preview:-1"},"canonical":"https:\/\/apri.fmc-sc.org\/?page_id=2","og_locale":"fr_FR","og_type":"article","og_title":"Qui sommes nous ? - Association pour la Promotion Rurale Internationale","og_description":"L\u2019APRI soutient et accompagne des projets en collaboration \u00e9troite avec les populations locales...","og_url":"https:\/\/apri.fmc-sc.org\/?page_id=2","og_site_name":"Association pour la Promotion Rurale Internationale","article_modified_time":"2015-03-27T15:17:45+00:00","og_image":[{"width":1200,"height":400,"url":"https:\/\/apri.fmc-sc.org\/wp-content\/uploads\/2012\/09\/Rozay.jpg","type":"image\/jpeg"}],"twitter_misc":{"Dur\u00e9e de lecture estim\u00e9e":"1 minute"},"schema":{"@context":"https:\/\/schema.org","@graph":[{"@type":"WebPage","@id":"https:\/\/apri.fmc-sc.org\/?page_id=2","url":"https:\/\/apri.fmc-sc.org\/?page_id=2","name":"Qui sommes nous ? - Association pour la Promotion Rurale Internationale","isPartOf":{"@id":"https:\/\/apri.fmc-sc.org\/#website"},"datePublished":"2012-09-19T15:11:02+00:00","dateModified":"2015-03-27T15:17:45+00:00","description":"L\u2019APRI soutient et accompagne des projets en collaboration \u00e9troite avec les populations locales...","inLanguage":"fr-FR","potentialAction":[{"@type":"ReadAction","target":["https:\/\/apri.fmc-sc.org\/?page_id=2"]}]},{"@type":"WebSite","@id":"https:\/\/apri.fmc-sc.org\/#website","url":"https:\/\/apri.fmc-sc.org\/","name":"Association pour la Promotion Rurale Internationale","description":"","potentialAction":[{"@type":"SearchAction","target":{"@type":"EntryPoint","urlTemplate":"https:\/\/apri.fmc-sc.org\/?s={search_term_string}"},"query-input":"required name=search_term_string"}],"inLanguage":"fr-FR"}]}},"jetpack_sharing_enabled":true,"jetpack_shortlink":"https:\/\/wp.me\/P2Kxff-2","jetpack_likes_enabled":true,"_links":{"self":[{"href":"https:\/\/apri.fmc-sc.org\/index.php?rest_route=\/wp\/v2\/pages\/2"}],"collection":[{"href":"https:\/\/apri.fmc-sc.org\/index.php?rest_route=\/wp\/v2\/pages"}],"about":[{"href":"https:\/\/apri.fmc-sc.org\/index.php?rest_route=\/wp\/v2\/types\/page"}],"author":[{"embeddable":true,"href":"https:\/\/apri.fmc-sc.org\/index.php?rest_route=\/wp\/v2\/users\/3"}],"replies":[{"embeddable":true,"href":"https:\/\/apri.fmc-sc.org\/index.php?rest_route=%2Fwp%2Fv2%2Fcomments&post=2"}],"version-history":[{"count":9,"href":"https:\/\/apri.fmc-sc.org\/index.php?rest_route=\/wp\/v2\/pages\/2\/revisions"}],"predecessor-version":[{"id":452,"href":"https:\/\/apri.fmc-sc.org\/index.php?rest_route=\/wp\/v2\/pages\/2\/revisions\/452"}],"wp:featuredmedia":[{"embeddable":true,"href":"https:\/\/apri.fmc-sc.org\/index.php?rest_route=\/wp\/v2\/media\/451"}],"wp:attachment":[{"href":"https:\/\/apri.fmc-sc.org\/index.php?rest_route=%2Fwp%2Fv2%2Fmedia&parent=2"}],"curies":[{"name":"wp","href":"https:\/\/api.w.org\/{rel}","templated":true}]}}