{"id":208,"date":"2012-11-10T10:22:21","date_gmt":"2012-11-10T09:22:21","guid":{"rendered":"http:\/\/apri.fmc-sc.org\/?page_id=208"},"modified":"2015-03-27T16:20:08","modified_gmt":"2015-03-27T15:20:08","slug":"soutenir-lapri","status":"publish","type":"page","link":"https:\/\/apri.fmc-sc.org\/?page_id=208","title":{"rendered":"Soutenir l&rsquo;APRI"},"content":{"rendered":"<p>Vous pouvez soutenir l&rsquo;APRI de diff\u00e9rentes mani\u00e8res :<\/p>\n<p><span style=\"color: #0000ff;\"><strong>En faisant conna\u00eetre \u00e0 d&rsquo;autres les projets de l&rsquo;APRI :<\/strong><\/span><\/p>\n<p>Vous pouvez transmettre le lien de ce site \u00e0 vos amis ou bien la lettre info et le tract.<\/p>\n<p>&nbsp;<\/p>\n<p><strong><span style=\"color: #0000ff;\">Par un don :\u00a0<\/span><\/strong><\/p>\n<p>\u00e0 l&rsquo;ordre de l&rsquo;APRI<\/p>\n<p>149 rue Jodelle, 77610 La Houssaye en Brie.<\/p>\n<p>L&rsquo;association (type \u00ab\u00a0loi 1901\u00a0\u00bb) est reconnue d&rsquo;int\u00e9r\u00eat g\u00e9n\u00e9ral. Vos dons sont donc d\u00e9ductibles de vos imp\u00f4ts. A hauteur de 66% et dans la limite de 20% de votre revenu net imposable. Ainsi, un don de 50\u20ac vous reviendra \u00e0 17\u20ac. Merci de nous signaler si vous souhaitez recevoir un re\u00e7u fiscal en nous donnant : nom, pr\u00e9nom, adresse et courriel.<\/p>\n<p>&nbsp;<\/p>\n<p><strong><span style=\"color: #0000ff;\">En organisant des activit\u00e9s au profit de l&rsquo;Association :<\/span><\/strong><\/p>\n<p>Ce peut-\u00eatre une soir\u00e9e d\u00e9bat, participer \u00e0 un vide grenier, organiser un loto, etc.<\/p>\n<p>&nbsp;<\/p>\n","protected":false},"excerpt":{"rendered":"<p>Vous pouvez soutenir l&rsquo;APRI de diff\u00e9rentes mani\u00e8res : En faisant conna\u00eetre \u00e0 d&rsquo;autres les projets de l&rsquo;APRI : Vous pouvez transmettre le lien de ce site \u00e0 vos amis ou bien la lettre info et le tract. &nbsp; Par un don :\u00a0 \u00e0 l&rsquo;ordre de l&rsquo;APRI 149 rue Jodelle, 77610 [&hellip;]<\/p>\n","protected":false},"author":3,"featured_media":0,"parent":0,"menu_order":0,"comment_status":"open","ping_status":"open","template":"","meta":{"jetpack_post_was_ever_published":false},"yoast_head":"<!-- This site is optimized with the Yoast SEO plugin v21.8.1 - https:\/\/yoast.com\/wordpress\/plugins\/seo\/ -->\n<title>soutenir l&#039;APRI<\/title>\n<meta name=\"description\" content=\"Comment soutenir l&#039;association pour le d\u00e9veloppement rural international (APRI) ?\" \/>\n<meta name=\"robots\" content=\"index, follow, max-snippet:-1, max-image-preview:large, max-video-preview:-1\" \/>\n<link rel=\"canonical\" href=\"https:\/\/apri.fmc-sc.org\/?page_id=208\" \/>\n<meta property=\"og:locale\" content=\"fr_FR\" \/>\n<meta property=\"og:type\" content=\"article\" \/>\n<meta property=\"og:title\" content=\"soutenir l&#039;APRI\" \/>\n<meta property=\"og:description\" content=\"Comment soutenir l&#039;association pour le d\u00e9veloppement rural international (APRI) ?\" \/>\n<meta property=\"og:url\" content=\"https:\/\/apri.fmc-sc.org\/?page_id=208\" \/>\n<meta property=\"og:site_name\" content=\"Association pour la Promotion Rurale Internationale\" \/>\n<meta property=\"article:modified_time\" content=\"2015-03-27T15:20:08+00:00\" \/>\n<meta name=\"twitter:label1\" content=\"Dur\u00e9e de lecture estim\u00e9e\" \/>\n\t<meta name=\"twitter:data1\" content=\"1 minute\" \/>\n<script type=\"application\/ld+json\" class=\"yoast-schema-graph\">{\"@context\":\"https:\/\/schema.org\",\"@graph\":[{\"@type\":\"WebPage\",\"@id\":\"https:\/\/apri.fmc-sc.org\/?page_id=208\",\"url\":\"https:\/\/apri.fmc-sc.org\/?page_id=208\",\"name\":\"soutenir l'APRI\",\"isPartOf\":{\"@id\":\"https:\/\/apri.fmc-sc.org\/#website\"},\"datePublished\":\"2012-11-10T09:22:21+00:00\",\"dateModified\":\"2015-03-27T15:20:08+00:00\",\"description\":\"Comment soutenir l'association pour le d\u00e9veloppement rural international (APRI) ?\",\"inLanguage\":\"fr-FR\",\"potentialAction\":[{\"@type\":\"ReadAction\",\"target\":[\"https:\/\/apri.fmc-sc.org\/?page_id=208\"]}]},{\"@type\":\"WebSite\",\"@id\":\"https:\/\/apri.fmc-sc.org\/#website\",\"url\":\"https:\/\/apri.fmc-sc.org\/\",\"name\":\"Association pour la Promotion Rurale Internationale\",\"description\":\"\",\"potentialAction\":[{\"@type\":\"SearchAction\",\"target\":{\"@type\":\"EntryPoint\",\"urlTemplate\":\"https:\/\/apri.fmc-sc.org\/?s={search_term_string}\"},\"query-input\":\"required name=search_term_string\"}],\"inLanguage\":\"fr-FR\"}]}<\/script>\n<!-- \/ Yoast SEO plugin. -->","yoast_head_json":{"title":"soutenir l'APRI","description":"Comment soutenir l'association pour le d\u00e9veloppement rural international (APRI) ?","robots":{"index":"index","follow":"follow","max-snippet":"max-snippet:-1","max-image-preview":"max-image-preview:large","max-video-preview":"max-video-preview:-1"},"canonical":"https:\/\/apri.fmc-sc.org\/?page_id=208","og_locale":"fr_FR","og_type":"article","og_title":"soutenir l'APRI","og_description":"Comment soutenir l'association pour le d\u00e9veloppement rural international (APRI) ?","og_url":"https:\/\/apri.fmc-sc.org\/?page_id=208","og_site_name":"Association pour la Promotion Rurale Internationale","article_modified_time":"2015-03-27T15:20:08+00:00","twitter_misc":{"Dur\u00e9e de lecture estim\u00e9e":"1 minute"},"schema":{"@context":"https:\/\/schema.org","@graph":[{"@type":"WebPage","@id":"https:\/\/apri.fmc-sc.org\/?page_id=208","url":"https:\/\/apri.fmc-sc.org\/?page_id=208","name":"soutenir l'APRI","isPartOf":{"@id":"https:\/\/apri.fmc-sc.org\/#website"},"datePublished":"2012-11-10T09:22:21+00:00","dateModified":"2015-03-27T15:20:08+00:00","description":"Comment soutenir l'association pour le d\u00e9veloppement rural international (APRI) ?","inLanguage":"fr-FR","potentialAction":[{"@type":"ReadAction","target":["https:\/\/apri.fmc-sc.org\/?page_id=208"]}]},{"@type":"WebSite","@id":"https:\/\/apri.fmc-sc.org\/#website","url":"https:\/\/apri.fmc-sc.org\/","name":"Association pour la Promotion Rurale Internationale","description":"","potentialAction":[{"@type":"SearchAction","target":{"@type":"EntryPoint","urlTemplate":"https:\/\/apri.fmc-sc.org\/?s={search_term_string}"},"query-input":"required name=search_term_string"}],"inLanguage":"fr-FR"}]}},"jetpack_sharing_enabled":true,"jetpack_shortlink":"https:\/\/wp.me\/P2Kxff-3m","jetpack_likes_enabled":true,"_links":{"self":[{"href":"https:\/\/apri.fmc-sc.org\/index.php?rest_route=\/wp\/v2\/pages\/208"}],"collection":[{"href":"https:\/\/apri.fmc-sc.org\/index.php?rest_route=\/wp\/v2\/pages"}],"about":[{"href":"https:\/\/apri.fmc-sc.org\/index.php?rest_route=\/wp\/v2\/types\/page"}],"author":[{"embeddable":true,"href":"https:\/\/apri.fmc-sc.org\/index.php?rest_route=\/wp\/v2\/users\/3"}],"replies":[{"embeddable":true,"href":"https:\/\/apri.fmc-sc.org\/index.php?rest_route=%2Fwp%2Fv2%2Fcomments&post=208"}],"version-history":[{"count":1,"href":"https:\/\/apri.fmc-sc.org\/index.php?rest_route=\/wp\/v2\/pages\/208\/revisions"}],"predecessor-version":[{"id":209,"href":"https:\/\/apri.fmc-sc.org\/index.php?rest_route=\/wp\/v2\/pages\/208\/revisions\/209"}],"wp:attachment":[{"href":"https:\/\/apri.fmc-sc.org\/index.php?rest_route=%2Fwp%2Fv2%2Fmedia&parent=208"}],"curies":[{"name":"wp","href":"https:\/\/api.w.org\/{rel}","templated":true}]}}